{"id":4206,"date":"2024-01-25T17:10:45","date_gmt":"2024-01-25T16:10:45","guid":{"rendered":"https:\/\/ongewoonboom.nl\/widerrufsrecht\/"},"modified":"2024-01-25T17:10:45","modified_gmt":"2024-01-25T16:10:45","slug":"widerrufsrecht","status":"publish","type":"page","link":"https:\/\/ongewoonboom.nl\/de\/widerrufsrecht\/","title":{"rendered":"Widerrufsrecht"},"content":{"rendered":"<section>\n<div class=\"container\">\n<div class=\"row\">\n<div class=\"col-md-12\">\n<div class=\"lc-block\">\n<div editable=\"rich\">\n<h1>Widerrufsrecht<\/h1>\n<p><strong>Widerrufsrecht \/ Bedenkzeit <\/strong><\/p>\n<\/p>\n<p>Sie haben 30 Tage Bedenkzeit, um das Produkt ohne Angabe von Gr\u00fcnden zur\u00fcckzugeben, beginnend mit dem Tag des Erhalts des Produkts. Das Produkt kann nur unbenutzt und, wenn m\u00f6glich, in der Originalverpackung zur\u00fcckgeschickt werden. <\/p>\n<\/p>\n<p>Die Kosten f\u00fcr die R\u00fccksendung der Bestellung gehen zu Ihren Lasten. Wir werden den Betrag innerhalb von 14 Tagen gutschreiben. <\/p>\n<\/p>\n<p>Sie k\u00f6nnen auch das Musterformular verwenden. <\/p>\n<\/p>\n<p>Der Unternehmer erstattet alle vom Verbraucher geleisteten Zahlungen, einschlie\u00dflich der vom Unternehmer in Rechnung gestellten Lieferkosten f\u00fcr das zur\u00fcckgesandte Produkt, unverz\u00fcglich, jedoch innerhalb von 14 Tagen nach dem Tag, an dem der Verbraucher ihn \u00fcber den Widerruf informiert hat Sofern der Unternehmer nicht anbietet, das Produkt selbst abzuholen, kann er mit der R\u00fcckzahlung warten, bis er das Produkt erhalten hat oder bis der Verbraucher nachweist, dass er das Produkt zur\u00fcckgesandt hat, je nachdem, welcher Zeitpunkt fr\u00fcher liegt. Der Unternehmer verwendet f\u00fcr die R\u00fcckzahlung dasselbe Zahlungsmittel, das der Verbraucher verwendet, es sei denn, der Verbraucher erkl\u00e4rt sich mit einer anderen Methode einverstanden. Die R\u00fcckzahlung ist f\u00fcr den Verbraucher kostenlos. <\/p>\n<\/p>\n<p><strong>Umgang mit dem Produkt <\/strong><\/p>\n<p>W\u00e4hrend der Bedenkzeit m\u00fcssen Sie das Produkt und seine Verpackung sorgf\u00e4ltig behandeln. Packen Sie das Produkt nur in dem Ma\u00dfe aus oder benutzen Sie es nur in dem Ma\u00dfe, in dem Sie beurteilen k\u00f6nnen, ob Sie das Produkt behalten m\u00f6chten. Wenn Sie von Ihrem Widerrufsrecht Gebrauch machen, m\u00fcssen Sie das Produkt mit allem gelieferten Zubeh\u00f6r im Originalzustand und m\u00f6glichst in der Originalverpackung gem\u00e4\u00df unserer Anleitung zur\u00fccksenden. <\/p>\n<\/p>\n<p><strong>Kosten eines Widerrufs <\/strong><\/p>\n<p>Wenn Sie einen Artikel zur\u00fccksenden m\u00f6chten, haben Sie die Versandkosten daf\u00fcr zu tragen. Wir empfehlen Ihnen, f\u00fcr die R\u00fccksendung DHL for you zu nutzen. \u00dcber DHL for you k\u00f6nnen Sie ein Paket ab 5,75 \u20ac (NL) zur\u00fccksenden. <\/p>\n<\/p>\n<p><strong>Wertminderung der Ware <\/strong><\/p>\n<p>Wir k\u00f6nnen eine Wertminderung berechnen. Dies ist beispielsweise der Fall, wenn das Produkt unvollst\u00e4ndig, offensichtlich gebraucht oder besch\u00e4digt zur\u00fcckgegeben wird. Selbstverst\u00e4ndlich werden wir Sie immer dar\u00fcber informieren <\/p>\n<\/p>\n<p><strong>R\u00fcckerstattungsfrist f\u00fcr das Widerrufsrecht <\/strong><\/p>\n<p>Die R\u00fcckerstattung erfolgt immer innerhalb von 14 Tagen nach Erhalt der Ware. <\/p>\n<\/p>\n<p><strong>Haben Sie eine Cash-Back-Aktion genutzt? <\/strong><\/p>\n<p>Wenn Sie innerhalb der Widerrufsfrist von einer Cash-Back-Aktion Gebrauch gemacht haben, beachten Sie bitte, dass wir die R\u00fccksendedaten an den Cash-Back-Anbieter weitergeben. Es kann also sein, dass der Cash-Back vom Kaufbetrag abgezogen wird. <\/p>\n<\/p>\n<p><strong>Gesch\u00e4ftliche Bestellungen <\/strong><\/p>\n<p>Bitte beachten Sie, dass unser 30-Tage-Widerrufsrecht eine Erweiterung des gesetzlichen Widerrufsrechts f\u00fcr Verbraucher ist. Das bedeutet, dass Gesch\u00e4ftskunden diese Regelung nicht in Anspruch nehmen k\u00f6nnen.<\/p>\n<\/p><\/div>\n<\/p><\/div>\n<\/p><\/div>\n<\/p><\/div>\n<\/p><\/div>\n<\/section>\n","protected":false},"excerpt":{"rendered":"<p>Widerrufsrecht Widerrufsrecht \/ Bedenkzeit Sie haben 30 Tage Bedenkzeit, um das Produkt ohne Angabe von Gr\u00fcnden zur\u00fcckzugeben, beginnend mit dem Tag des Erhalts des Produkts. Das Produkt kann nur unbenutzt und, wenn m\u00f6glich, in der Originalverpackung zur\u00fcckgeschickt werden. Die Kosten f\u00fcr die R\u00fccksendung der Bestellung gehen zu Ihren Lasten. Wir werden den Betrag innerhalb von [&hellip;]<\/p>\n","protected":false},"author":1,"featured_media":0,"parent":0,"menu_order":0,"comment_status":"closed","ping_status":"closed","template":"page-templates\/page-blank.php","meta":{"footnotes":""},"class_list":["post-4206","page","type-page","status-publish","hentry"],"aioseo_notices":[],"jetpack_sharing_enabled":true,"_links":{"self":[{"href":"https:\/\/ongewoonboom.nl\/de\/wp-json\/wp\/v2\/pages\/4206","targetHints":{"allow":["GET"]}}],"collection":[{"href":"https:\/\/ongewoonboom.nl\/de\/wp-json\/wp\/v2\/pages"}],"about":[{"href":"https:\/\/ongewoonboom.nl\/de\/wp-json\/wp\/v2\/types\/page"}],"author":[{"embeddable":true,"href":"https:\/\/ongewoonboom.nl\/de\/wp-json\/wp\/v2\/users\/1"}],"replies":[{"embeddable":true,"href":"https:\/\/ongewoonboom.nl\/de\/wp-json\/wp\/v2\/comments?post=4206"}],"version-history":[{"count":0,"href":"https:\/\/ongewoonboom.nl\/de\/wp-json\/wp\/v2\/pages\/4206\/revisions"}],"wp:attachment":[{"href":"https:\/\/ongewoonboom.nl\/de\/wp-json\/wp\/v2\/media?parent=4206"}],"curies":[{"name":"wp","href":"https:\/\/api.w.org\/{rel}","templated":true}]}}