{"id":4209,"date":"2024-01-11T19:41:02","date_gmt":"2024-01-11T18:41:02","guid":{"rendered":"https:\/\/ongewoonboom.nl\/ueber-uns\/"},"modified":"2024-07-01T11:00:40","modified_gmt":"2024-07-01T09:00:40","slug":"ueber-uns","status":"publish","type":"page","link":"https:\/\/ongewoonboom.nl\/de\/ueber-uns\/","title":{"rendered":"\u00dcber uns"},"content":{"rendered":"<section class=\"py-4 bg-primary text-white pt-5 pb-5\" lc-helper=\"background\" style=\"\" id=\"hero-header\">\n<div class=\"container\">\n<div class=\"row py-6\">\n<div class=\"col-md-12 text-center\">\n<div class=\"lc-block mb-4\">\n<div editable=\"rich\">\n<h1 class=\"display-2 fw-bold\"> \u00dcber uns<\/h1>\n<\/p><\/div>\n<\/p><\/div>\n<div class=\"lc-block mb-4\">\n<div editable=\"rich\">\n<h2> eine kleine Geschichte \u00fcber OngewoonBoom<\/h2>\n<\/p><\/div>\n<\/p><\/div>\n<p><!-- \/lc-block --><br \/>\n\t\t\t\t<!-- \/lc-block -->\n\t\t\t<\/div>\n<p><!-- \/col -->\n\t\t<\/div>\n<\/p><\/div>\n<\/section>\n<section class=\"pt-3 d-flex flex-wrap align-items-center\">\n<div class=\"container\">\n<div class=\"row\" style=\"\">\n<div class=\"col-md-6 d-flex flex-wrap align-items-center\">\n<div class=\"lc-block\">\n<div editable=\"rich\">\n<h2 class=\"text-primary\">Mein Name ist Maurice<\/h2>\n<p>Ich stehe 24\/7 im Dienst meiner f\u00fcnf Katzen: Kees, Shanty, Freya, Noi und Yoda. <\/p>\n<\/p>\n<p>Mein Unternehmen mit Sitz in Heerhugowaard in den Niederlanden entstand 2018 aus der Leidenschaft f\u00fcr meine eigenen Katzen. Mir fehlten nat\u00fcrliche und nachhaltige Produkte f\u00fcr Katzen, mit denen meine Lieblinge Spa\u00df haben konnten. <\/p>\n<p>Auf der Suche nach geeigneten nat\u00fcrlichen Materialien, um meine Ideen zu verwirklichen, landete ich bei einem nordholl\u00e4ndischen Landwirt. Dieser Bauer besa\u00df einen Obstgarten voller 50 Jahre alter Birnb\u00e4ume. <\/p>\n<\/p><\/div>\n<\/p><\/div>\n<\/p><\/div>\n<div class=\"col-md-6 d-flex flex-wrap align-items-center justify-content-end\">\n<div class=\"lc-block text-center\">\n\t\t\t\t\t<img loading=\"lazy\" decoding=\"async\" class=\"img-fluid wp-image-270 rounded\" src=\"https:\/\/ongewoonboom.nl\/wp-content\/uploads\/2024\/01\/MauriceToemen.jpeg\" width=\"400\" height=\"400\" srcset=\"https:\/\/ongewoonboom.nl\/wp-content\/uploads\/2024\/01\/MauriceToemen.jpeg 1536w, https:\/\/ongewoonboom.nl\/wp-content\/uploads\/2024\/01\/MauriceToemen-225x300.jpeg 225w, https:\/\/ongewoonboom.nl\/wp-content\/uploads\/2024\/01\/MauriceToemen-768x1024.jpeg 768w, https:\/\/ongewoonboom.nl\/wp-content\/uploads\/2024\/01\/MauriceToemen-1152x1536.jpeg 1152w, https:\/\/ongewoonboom.nl\/wp-content\/uploads\/2024\/01\/MauriceToemen-600x800.jpeg 600w\" sizes=\"auto, (max-width: 1536px) 100vw, 1536px\" alt=\"\" style=\"aspect-ratio: 1\/1; object-fit: cover;\">\n\t\t\t\t<\/div>\n<\/p><\/div>\n<\/p><\/div>\n<\/p><\/div>\n<\/section>\n<section class=\"pt-3\">\n<div class=\"container\">\n<div class=\"row g-3\">\n<div class=\"col-md-4\">\n<div class=\"lc-block\">\n\t\t\t\t\t<img loading=\"lazy\" decoding=\"async\" class=\"img-fluid wp-image-271 rounded glightbox\" src=\"https:\/\/ongewoonboom.nl\/wp-content\/uploads\/2024\/01\/boomgaard-2.jpeg\" width=\"400\" height=\"400\" srcset=\"https:\/\/ongewoonboom.nl\/wp-content\/uploads\/2024\/01\/boomgaard-2.jpeg 1152w, https:\/\/ongewoonboom.nl\/wp-content\/uploads\/2024\/01\/boomgaard-2-169x300.jpeg 169w, https:\/\/ongewoonboom.nl\/wp-content\/uploads\/2024\/01\/boomgaard-2-576x1024.jpeg 576w, https:\/\/ongewoonboom.nl\/wp-content\/uploads\/2024\/01\/boomgaard-2-768x1365.jpeg 768w, https:\/\/ongewoonboom.nl\/wp-content\/uploads\/2024\/01\/boomgaard-2-864x1536.jpeg 864w, https:\/\/ongewoonboom.nl\/wp-content\/uploads\/2024\/01\/boomgaard-2-600x1067.jpeg 600w\" sizes=\"auto, (max-width: 1152px) 100vw, 1152px\" alt=\"\" style=\"aspect-ratio:1\/1; object-fit: cover;\">\n\t\t\t\t<\/div>\n<\/p><\/div>\n<div class=\"col-md-4\">\n<div class=\"lc-block\">\n\t\t\t\t\t<img loading=\"lazy\" decoding=\"async\" class=\"img-fluid wp-image-272 rounded glightbox\" src=\"https:\/\/ongewoonboom.nl\/wp-content\/uploads\/2024\/01\/boomgaard-3.jpeg\" width=\"400\" height=\"400\" srcset=\"https:\/\/ongewoonboom.nl\/wp-content\/uploads\/2024\/01\/boomgaard-3.jpeg 1152w, https:\/\/ongewoonboom.nl\/wp-content\/uploads\/2024\/01\/boomgaard-3-169x300.jpeg 169w, https:\/\/ongewoonboom.nl\/wp-content\/uploads\/2024\/01\/boomgaard-3-576x1024.jpeg 576w, https:\/\/ongewoonboom.nl\/wp-content\/uploads\/2024\/01\/boomgaard-3-768x1365.jpeg 768w, https:\/\/ongewoonboom.nl\/wp-content\/uploads\/2024\/01\/boomgaard-3-864x1536.jpeg 864w, https:\/\/ongewoonboom.nl\/wp-content\/uploads\/2024\/01\/boomgaard-3-600x1067.jpeg 600w\" sizes=\"auto, (max-width: 1152px) 100vw, 1152px\" alt=\"\" style=\"aspect-ratio:1\/1; object-fit: cover;\">\n\t\t\t\t<\/div>\n<\/p><\/div>\n<div class=\"col-md-4\">\n<div class=\"lc-block\">\n\t\t\t\t\t<img loading=\"lazy\" decoding=\"async\" class=\"img-fluid wp-image-273 rounded glightbox\" src=\"https:\/\/ongewoonboom.nl\/wp-content\/uploads\/2024\/01\/boomgaard-1.jpeg\" width=\"400\" height=\"400\" srcset=\"https:\/\/ongewoonboom.nl\/wp-content\/uploads\/2024\/01\/boomgaard-1.jpeg 1500w, https:\/\/ongewoonboom.nl\/wp-content\/uploads\/2024\/01\/boomgaard-1-225x300.jpeg 225w, https:\/\/ongewoonboom.nl\/wp-content\/uploads\/2024\/01\/boomgaard-1-768x1024.jpeg 768w, https:\/\/ongewoonboom.nl\/wp-content\/uploads\/2024\/01\/boomgaard-1-1152x1536.jpeg 1152w, https:\/\/ongewoonboom.nl\/wp-content\/uploads\/2024\/01\/boomgaard-1-600x800.jpeg 600w\" sizes=\"auto, (max-width: 1500px) 100vw, 1500px\" alt=\"\" style=\"aspect-ratio:1\/1; object-fit: cover;\">\n\t\t\t\t<\/div>\n<\/p><\/div>\n<\/p><\/div>\n<\/p><\/div>\n<\/section>\n<section class=\"pt-3\">\n<div class=\"container\">\n<div class=\"row\">\n<div class=\"col-md-6 d-grid flex-wrap align-items-center\" style=\"\">\n<div class=\"lc-block\">\n<div editable=\"rich\">\n<h2 class=\"text-primary\">OngewoonBoom \u2013 der ungew\u00f6hnliche Baum<\/h2>\n<p>Als ich die sch\u00f6nen B\u00e4ume sah, kam mir die Idee, sie zu einem nat\u00fcrlichen Kletterbaum f\u00fcr Katzen umzugestalten.<\/p>\n<p>Ich kaufte einige dieser einzigartig geformten B\u00e4ume und der erste &#8222;ungew\u00f6hnliche Baum&#8220; entstand. Seitdem habe ich mein Angebot und meine Arbeit erweitert, vom Bau von Katzenausl\u00e4ufen, Kletterw\u00e4nden und Kletterb\u00e4umen bis hin zum Anlegen katzenfreundlicher G\u00e4rten und Balkone. Die Sicherheit Ihrer Katzen und das Katzenvergn\u00fcgen stehen dabei f\u00fcr mich an erster Stelle!   <\/p>\n<\/p><\/div>\n<\/p><\/div>\n<\/p><\/div>\n<div class=\"col-md-6 text-center d-flex flex-wrap justify-content-end\" style=\"\">\n<div class=\"lc-block\">\n\t\t\t\t\t<img loading=\"lazy\" decoding=\"async\" class=\"img-fluid wp-image-274 rounded\" src=\"https:\/\/ongewoonboom.nl\/wp-content\/uploads\/2024\/01\/123956372_700481597248138_4710190509413283893_n-2.jpg\" width=\"400\" height=\"400\" srcset=\"https:\/\/ongewoonboom.nl\/wp-content\/uploads\/2024\/01\/123956372_700481597248138_4710190509413283893_n-2.jpg 640w, https:\/\/ongewoonboom.nl\/wp-content\/uploads\/2024\/01\/123956372_700481597248138_4710190509413283893_n-2-146x300.jpg 146w, https:\/\/ongewoonboom.nl\/wp-content\/uploads\/2024\/01\/123956372_700481597248138_4710190509413283893_n-2-498x1024.jpg 498w, https:\/\/ongewoonboom.nl\/wp-content\/uploads\/2024\/01\/123956372_700481597248138_4710190509413283893_n-2-600x1235.jpg 600w\" sizes=\"auto, (max-width: 640px) 100vw, 640px\" alt=\"\" style=\"aspect-ratio: 1\/1; object-fit: cover; object-position: top;\">\n\t\t\t\t<\/div>\n<\/p><\/div>\n<\/p><\/div>\n<\/p><\/div>\n<\/section>\n<section>\n<div class=\"container\">\n<div class=\"row\">\n<div class=\"col-md-12\">\n<div class=\"lc-block\">\n<div editable=\"rich\">\n<h1 class=\"text-center\">Das Team<\/h1>\n<\/p><\/div>\n<\/p><\/div>\n<\/p><\/div>\n<\/p><\/div>\n<\/p><\/div>\n<\/section>\n<section>\n<div class=\"container\">\n<div class=\"row\">\n<div class=\"col-md-4 justify-content-center d-flex mt-3\">\n<div class=\"lc-block\">\n<div class=\"d-flex align-items-center\">\n<div class=\"flex-shrink-0\">\n\t\t\t\t\t\t\t<img decoding=\"async\" src=\"https:\/\/ongewoonboom.nl\/wp-content\/uploads\/2023\/12\/yoda-150x150.png\" loading=\"lazy\" class=\"rounded-circle wp-image-83\" alt=\"yoda ongewoonboom familie\" width=\"120\" height=\"120\" srcset=\"https:\/\/ongewoonboom.nl\/wp-content\/uploads\/2023\/12\/yoda-150x150.png 150w, https:\/\/ongewoonboom.nl\/wp-content\/uploads\/2023\/12\/yoda-300x300.png 300w, https:\/\/ongewoonboom.nl\/wp-content\/uploads\/2023\/12\/yoda-1024x1024.png 1024w, https:\/\/ongewoonboom.nl\/wp-content\/uploads\/2023\/12\/yoda-768x768.png 768w, https:\/\/ongewoonboom.nl\/wp-content\/uploads\/2023\/12\/yoda-600x600.png 600w, https:\/\/ongewoonboom.nl\/wp-content\/uploads\/2023\/12\/yoda-100x100.png 100w, https:\/\/ongewoonboom.nl\/wp-content\/uploads\/2023\/12\/yoda.png 1180w\" sizes=\"auto, (max-width: 150px) 100vw, 150px\">\n\t\t\t\t\t\t<\/div>\n<div class=\"flex-grow-1 ms-3\">\n<div editable=\"rich\">\n<h5>Yoda<br \/><\/h5>\n<\/p><\/div>\n<\/p><\/div>\n<\/p><\/div>\n<\/p><\/div>\n<\/p><\/div>\n<div class=\"col-md-4 d-flex justify-content-center mt-3\">\n<div class=\"lc-block\">\n<div class=\"d-flex align-items-center\">\n<div class=\"flex-shrink-0\">\n\t\t\t\t\t\t\t<img decoding=\"async\" src=\"https:\/\/ongewoonboom.nl\/wp-content\/uploads\/2023\/12\/Shanty-600x600-1-150x150.png\" loading=\"lazy\" class=\"rounded-circle wp-image-82\" alt=\"shanty ongewoonboom familie\" width=\"120\" height=\"120\" srcset=\"https:\/\/ongewoonboom.nl\/wp-content\/uploads\/2023\/12\/Shanty-600x600-1-150x150.png 150w, https:\/\/ongewoonboom.nl\/wp-content\/uploads\/2023\/12\/Shanty-600x600-1-300x300.png 300w, https:\/\/ongewoonboom.nl\/wp-content\/uploads\/2023\/12\/Shanty-600x600-1-100x100.png 100w, https:\/\/ongewoonboom.nl\/wp-content\/uploads\/2023\/12\/Shanty-600x600-1.png 600w\" sizes=\"auto, (max-width: 150px) 100vw, 150px\">\n\t\t\t\t\t\t<\/div>\n<div class=\"flex-grow-1 ms-3\">\n<div editable=\"rich\">\n<h5>Chanty<\/h5>\n<\/p><\/div>\n<\/p><\/div>\n<\/p><\/div>\n<\/p><\/div>\n<\/p><\/div>\n<div class=\"col-md-4 d-flex justify-content-center mt-3\">\n<div class=\"lc-block\">\n<div class=\"d-flex align-items-center\">\n<div class=\"flex-shrink-0\">\n\t\t\t\t\t\t\t<img decoding=\"async\" src=\"https:\/\/ongewoonboom.nl\/wp-content\/uploads\/2023\/12\/Kees-150x150.png\" loading=\"lazy\" class=\"rounded-circle wp-image-81\" alt=\"kees ongewoonboom familie\" width=\"120\" height=\"120\" srcset=\"https:\/\/ongewoonboom.nl\/wp-content\/uploads\/2023\/12\/Kees-150x150.png 150w, https:\/\/ongewoonboom.nl\/wp-content\/uploads\/2023\/12\/Kees-300x300.png 300w, https:\/\/ongewoonboom.nl\/wp-content\/uploads\/2023\/12\/Kees-1024x1024.png 1024w, https:\/\/ongewoonboom.nl\/wp-content\/uploads\/2023\/12\/Kees-768x768.png 768w, https:\/\/ongewoonboom.nl\/wp-content\/uploads\/2023\/12\/Kees-600x600.png 600w, https:\/\/ongewoonboom.nl\/wp-content\/uploads\/2023\/12\/Kees-100x100.png 100w, https:\/\/ongewoonboom.nl\/wp-content\/uploads\/2023\/12\/Kees.png 1180w\" sizes=\"auto, (max-width: 150px) 100vw, 150px\">\n\t\t\t\t\t\t<\/div>\n<div class=\"flex-grow-1 ms-3\">\n<div editable=\"rich\">\n<h5>Kees<\/h5>\n<\/p><\/div>\n<\/p><\/div>\n<\/p><\/div>\n<\/p><\/div>\n<\/p><\/div>\n<div class=\"col-md-6 d-flex justify-content-center mt-5\">\n<div class=\"lc-block\">\n<div class=\"d-flex align-items-center\">\n<div class=\"flex-shrink-0\">\n\t\t\t\t\t\t\t<img decoding=\"async\" src=\"https:\/\/ongewoonboom.nl\/wp-content\/uploads\/2023\/12\/Freya-150x150.png\" loading=\"lazy\" class=\"rounded-circle wp-image-80\" alt=\"freya ongewoonboom familie\" width=\"120\" height=\"120\" srcset=\"https:\/\/ongewoonboom.nl\/wp-content\/uploads\/2023\/12\/Freya-150x150.png 150w, https:\/\/ongewoonboom.nl\/wp-content\/uploads\/2023\/12\/Freya-300x300.png 300w, https:\/\/ongewoonboom.nl\/wp-content\/uploads\/2023\/12\/Freya-1024x1024.png 1024w, https:\/\/ongewoonboom.nl\/wp-content\/uploads\/2023\/12\/Freya-768x768.png 768w, https:\/\/ongewoonboom.nl\/wp-content\/uploads\/2023\/12\/Freya-600x600.png 600w, https:\/\/ongewoonboom.nl\/wp-content\/uploads\/2023\/12\/Freya-100x100.png 100w, https:\/\/ongewoonboom.nl\/wp-content\/uploads\/2023\/12\/Freya.png 1180w\" sizes=\"auto, (max-width: 150px) 100vw, 150px\">\n\t\t\t\t\t\t<\/div>\n<div class=\"flex-grow-1 ms-3\">\n<div editable=\"rich\">\n<h5>Freya<\/h5>\n<\/p><\/div>\n<\/p><\/div>\n<\/p><\/div>\n<\/p><\/div>\n<\/p><\/div>\n<div class=\"col-md-6 justify-content-center d-flex mt-5\" style=\"\">\n<div class=\"lc-block\">\n<div class=\"d-flex align-items-center\">\n<div class=\"flex-shrink-0\">\n\t\t\t\t\t\t\t<img decoding=\"async\" src=\"https:\/\/ongewoonboom.nl\/wp-content\/uploads\/2024\/03\/WhatsApp-Image-2024-03-01-at-08.43.19-150x150.jpeg\" loading=\"lazy\" class=\"rounded-circle wp-image-3867\" alt=\"\" width=\"120\" height=\"120\" srcset=\"https:\/\/ongewoonboom.nl\/wp-content\/uploads\/2024\/03\/WhatsApp-Image-2024-03-01-at-08.43.19-150x150.jpeg 150w, https:\/\/ongewoonboom.nl\/wp-content\/uploads\/2024\/03\/WhatsApp-Image-2024-03-01-at-08.43.19-300x300.jpeg 300w, https:\/\/ongewoonboom.nl\/wp-content\/uploads\/2024\/03\/WhatsApp-Image-2024-03-01-at-08.43.19-100x100.jpeg 100w\" sizes=\"auto, (max-width: 150px) 100vw, 150px\">\n\t\t\t\t\t\t<\/div>\n<div class=\"flex-grow-1 ms-3\">\n<div editable=\"rich\">\n<h5>Noi<\/h5>\n<\/p><\/div>\n<\/p><\/div>\n<\/p><\/div>\n<\/p><\/div>\n<\/p><\/div>\n<\/p><\/div>\n<\/p><\/div>\n<\/section>\n","protected":false},"excerpt":{"rendered":"<p>\u00dcber uns eine kleine Geschichte \u00fcber OngewoonBoom Mein Name ist Maurice Ich stehe 24\/7 im Dienst meiner f\u00fcnf Katzen: Kees, Shanty, Freya, Noi und Yoda. Mein Unternehmen mit Sitz in Heerhugowaard in den Niederlanden entstand 2018 aus der Leidenschaft f\u00fcr meine eigenen Katzen. Mir fehlten nat\u00fcrliche und nachhaltige Produkte f\u00fcr Katzen, mit denen meine Lieblinge [&hellip;]<\/p>\n","protected":false},"author":1,"featured_media":0,"parent":0,"menu_order":0,"comment_status":"closed","ping_status":"closed","template":"page-templates\/page-blank.php","meta":{"footnotes":""},"class_list":["post-4209","page","type-page","status-publish","hentry"],"aioseo_notices":[],"jetpack_sharing_enabled":true,"_links":{"self":[{"href":"https:\/\/ongewoonboom.nl\/de\/wp-json\/wp\/v2\/pages\/4209","targetHints":{"allow":["GET"]}}],"collection":[{"href":"https:\/\/ongewoonboom.nl\/de\/wp-json\/wp\/v2\/pages"}],"about":[{"href":"https:\/\/ongewoonboom.nl\/de\/wp-json\/wp\/v2\/types\/page"}],"author":[{"embeddable":true,"href":"https:\/\/ongewoonboom.nl\/de\/wp-json\/wp\/v2\/users\/1"}],"replies":[{"embeddable":true,"href":"https:\/\/ongewoonboom.nl\/de\/wp-json\/wp\/v2\/comments?post=4209"}],"version-history":[{"count":1,"href":"https:\/\/ongewoonboom.nl\/de\/wp-json\/wp\/v2\/pages\/4209\/revisions"}],"predecessor-version":[{"id":4295,"href":"https:\/\/ongewoonboom.nl\/de\/wp-json\/wp\/v2\/pages\/4209\/revisions\/4295"}],"wp:attachment":[{"href":"https:\/\/ongewoonboom.nl\/de\/wp-json\/wp\/v2\/media?parent=4209"}],"curies":[{"name":"wp","href":"https:\/\/api.w.org\/{rel}","templated":true}]}}