{"id":4210,"date":"2024-01-25T17:12:47","date_gmt":"2024-01-25T16:12:47","guid":{"rendered":"https:\/\/ongewoonboom.nl\/lieferzeit-und-versand\/"},"modified":"2024-01-25T17:12:47","modified_gmt":"2024-01-25T16:12:47","slug":"lieferzeit-und-versand","status":"publish","type":"page","link":"https:\/\/ongewoonboom.nl\/de\/lieferzeit-und-versand\/","title":{"rendered":"Lieferzeit und Versand"},"content":{"rendered":"<section>\n<div class=\"container\">\n<div class=\"row\">\n<div class=\"col-md-12\">\n<div class=\"lc-block\">\n<div editable=\"rich\">\n<h1>Lieferzeit und Versand<\/h1>\n<h3><strong>Ihre Bestellung schnell zuhause haben <\/strong><\/h3>\n<\/p>\n<p><strong>Versand am Wochenende <\/strong><\/p>\n<p>Wir versenden keine Pakete am Wochenende, diese werden am Montag bearbeitet und dann innerhalb von 3 Werktagen zugestellt.<\/p>\n<\/p>\n<p><strong>PostNL &amp; DHL <\/strong><\/p>\n<p>Bei OngewoonBoom versenden wir Ihre Pakete \u00fcber PostNL oder DHL. Das sind zuverl\u00e4ssige Partner, auf die wir und Sie sich verlassen k\u00f6nnen! So k\u00f6nnen Sie sicher sein, dass Sie Ihre Bestellung schnellstm\u00f6glich erhalten. <\/p>\n<\/p>\n<p><strong>Belgien <\/strong><\/p>\n<p>In Belgien liefern wir innerhalb von 7 Tagen. <\/p>\n<\/p>\n<p><strong>Lieferung von B\u00e4umen <\/strong><\/p>\n<p>Katzenb\u00e4ume werden von OngewoonBoom nach R\u00fccksprache geliefert. Der Grund daf\u00fcr sind das Gewicht und die Transportm\u00f6glichkeiten. <\/p>\n<p>Sie m\u00fcssen zum vereinbarten Termin zu Hause sein, sonst werden zus\u00e4tzliche Kosten in Rechnung gestellt.<\/p>\n<\/p><\/div>\n<\/p><\/div>\n<\/p><\/div>\n<\/p><\/div>\n<\/p><\/div>\n<\/section>\n","protected":false},"excerpt":{"rendered":"<p>Lieferzeit und Versand Ihre Bestellung schnell zuhause haben Versand am Wochenende Wir versenden keine Pakete am Wochenende, diese werden am Montag bearbeitet und dann innerhalb von 3 Werktagen zugestellt. PostNL &amp; DHL Bei OngewoonBoom versenden wir Ihre Pakete \u00fcber PostNL oder DHL. Das sind zuverl\u00e4ssige Partner, auf die wir und Sie sich verlassen k\u00f6nnen! So [&hellip;]<\/p>\n","protected":false},"author":1,"featured_media":0,"parent":0,"menu_order":0,"comment_status":"closed","ping_status":"closed","template":"page-templates\/page-blank.php","meta":{"footnotes":""},"class_list":["post-4210","page","type-page","status-publish","hentry"],"aioseo_notices":[],"jetpack_sharing_enabled":true,"_links":{"self":[{"href":"https:\/\/ongewoonboom.nl\/de\/wp-json\/wp\/v2\/pages\/4210","targetHints":{"allow":["GET"]}}],"collection":[{"href":"https:\/\/ongewoonboom.nl\/de\/wp-json\/wp\/v2\/pages"}],"about":[{"href":"https:\/\/ongewoonboom.nl\/de\/wp-json\/wp\/v2\/types\/page"}],"author":[{"embeddable":true,"href":"https:\/\/ongewoonboom.nl\/de\/wp-json\/wp\/v2\/users\/1"}],"replies":[{"embeddable":true,"href":"https:\/\/ongewoonboom.nl\/de\/wp-json\/wp\/v2\/comments?post=4210"}],"version-history":[{"count":0,"href":"https:\/\/ongewoonboom.nl\/de\/wp-json\/wp\/v2\/pages\/4210\/revisions"}],"wp:attachment":[{"href":"https:\/\/ongewoonboom.nl\/de\/wp-json\/wp\/v2\/media?parent=4210"}],"curies":[{"name":"wp","href":"https:\/\/api.w.org\/{rel}","templated":true}]}}