{"id":4211,"date":"2024-01-25T17:09:23","date_gmt":"2024-01-25T16:09:23","guid":{"rendered":"https:\/\/ongewoonboom.nl\/rueckgaberecht\/"},"modified":"2024-01-25T17:09:23","modified_gmt":"2024-01-25T16:09:23","slug":"rueckgaberecht","status":"publish","type":"page","link":"https:\/\/ongewoonboom.nl\/de\/rueckgaberecht\/","title":{"rendered":"R\u00fcckgaberecht"},"content":{"rendered":"<section>\n<div class=\"container\">\n<div class=\"row\">\n<div class=\"col-md-12\">\n<div class=\"lc-block\">\n<div editable=\"rich\">\n<h1>R\u00fcckgaberecht<\/h1>\n<p><strong>Bedenkzeit\/R\u00fcckgabe <\/strong><\/p>\n<\/p>\n<p>Es kann vorkommen, dass Sie eine Bestellung zur\u00fcckgeben m\u00f6chten. Vielleicht, weil Ihnen das Produkt nicht gef\u00e4llt, oder es gibt einen anderen Grund, warum Sie die Bestellung nicht haben m\u00f6chten. Was auch immer der Grund ist, Sie haben das Recht, Ihre Bestellung bis zu 14 Tage nach Erhalt ohne Angabe von Gr\u00fcnden zu widerrufen. <\/p>\n<\/p>\n<p>Nach dem Widerruf haben Sie weitere 14 Tage Zeit, Ihr Produkt zur\u00fcckzusenden. Sie erhalten dann den vollen Bestellbetrag einschlie\u00dflich der Versandkosten gutgeschrieben. Lediglich die Kosten f\u00fcr die R\u00fccksendung von Ihrem Wohnort zu unserer Gesch\u00e4ftsadresse in den Niederlanden gehen zu Ihren Lasten. Die genauen Preise entnehmen Sie bitte der Website Ihres Versandunternehmens. Wenn Sie von Ihrem Widerrufsrecht Gebrauch machen, wird die Ware mit allem gelieferten Zubeh\u00f6r und - wenn m\u00f6glich - im Originalzustand und in der Originalverpackung an den Unternehmer zur\u00fcckgeschickt. Um dieses Recht auszu\u00fcben, kontaktieren Sie uns bitte unter <a href=\"mailto:info@ongewoonboom.nl\">info@ongewoonboom.nl<\/a>. Wir erstatten Ihnen dann innerhalb von 14 Tagen nach Anmeldung Ihrer R\u00fccksendung den f\u00e4lligen Betrag zur\u00fcck, sofern das Produkt in einwandfreiem Zustand zur\u00fcckerhalten wurde. <\/p>\n<\/p>\n<p>Sollte das Produkt besch\u00e4digt sein oder die Verpackung st\u00e4rker besch\u00e4digt sein, als zum Ausprobieren des Produkts erforderlich, k\u00f6nnen wir diese Wertminderung des Produkts an Sie weitergeben. Behandeln Sie das Produkt also bitte sorgf\u00e4ltig und vergewissern Sie sich, dass es richtig verpackt ist, wenn Sie es zur\u00fcckschicken. <\/p>\n<\/p>\n<p><strong>Produkt umtauschen? <\/strong><\/p>\n<\/p>\n<p>Sie m\u00f6chten Ihr Produkt umtauschen? Das ist \u00fcberhaupt kein Problem. Sie k\u00f6nnen sich dazu an <a href=\"mailto:info@ongewoonboom.nl\">info@ongewoonboom.nl<\/a> wenden. Die Kosten f\u00fcr die R\u00fccksendung des Produkts tragen Sie jedoch selbst.&#8220; <\/p>\n<\/p>\n<p><strong>Ich habe eine falsche Lieferadresse angegeben! <\/strong><\/p>\n<\/p>\n<p>Haben Sie versehentlich eine falsche Lieferadresse angegeben? Bitte <a href=\"https:\/\/ongewoonboom.nl\/de\/kontakt\/\">kontaktieren<\/a> Sie uns so schnell wie m\u00f6glich. Wir werden dann versuchen, die Bestellung f\u00fcr Sie zu anzupassen.<\/p>\n<\/p><\/div>\n<\/p><\/div>\n<\/p><\/div>\n<\/p><\/div>\n<\/p><\/div>\n<\/section>\n","protected":false},"excerpt":{"rendered":"<p>R\u00fcckgaberecht Bedenkzeit\/R\u00fcckgabe Es kann vorkommen, dass Sie eine Bestellung zur\u00fcckgeben m\u00f6chten. Vielleicht, weil Ihnen das Produkt nicht gef\u00e4llt, oder es gibt einen anderen Grund, warum Sie die Bestellung nicht haben m\u00f6chten. Was auch immer der Grund ist, Sie haben das Recht, Ihre Bestellung bis zu 14 Tage nach Erhalt ohne Angabe von Gr\u00fcnden zu widerrufen. [&hellip;]<\/p>\n","protected":false},"author":1,"featured_media":0,"parent":0,"menu_order":0,"comment_status":"closed","ping_status":"closed","template":"page-templates\/page-blank.php","meta":{"footnotes":""},"class_list":["post-4211","page","type-page","status-publish","hentry"],"aioseo_notices":[],"jetpack_sharing_enabled":true,"_links":{"self":[{"href":"https:\/\/ongewoonboom.nl\/de\/wp-json\/wp\/v2\/pages\/4211","targetHints":{"allow":["GET"]}}],"collection":[{"href":"https:\/\/ongewoonboom.nl\/de\/wp-json\/wp\/v2\/pages"}],"about":[{"href":"https:\/\/ongewoonboom.nl\/de\/wp-json\/wp\/v2\/types\/page"}],"author":[{"embeddable":true,"href":"https:\/\/ongewoonboom.nl\/de\/wp-json\/wp\/v2\/users\/1"}],"replies":[{"embeddable":true,"href":"https:\/\/ongewoonboom.nl\/de\/wp-json\/wp\/v2\/comments?post=4211"}],"version-history":[{"count":0,"href":"https:\/\/ongewoonboom.nl\/de\/wp-json\/wp\/v2\/pages\/4211\/revisions"}],"wp:attachment":[{"href":"https:\/\/ongewoonboom.nl\/de\/wp-json\/wp\/v2\/media?parent=4211"}],"curies":[{"name":"wp","href":"https:\/\/api.w.org\/{rel}","templated":true}]}}