{"id":4187,"date":"2023-12-31T13:55:55","date_gmt":"2023-12-31T12:55:55","guid":{"rendered":"https:\/\/ongewoonboom.nl\/winkel\/katzennetz-halter-stueck\/"},"modified":"2026-03-18T14:23:42","modified_gmt":"2026-03-18T13:23:42","slug":"katzennetz-halter-stueck","status":"publish","type":"product","link":"https:\/\/ongewoonboom.nl\/de\/winkel\/katzennetz-halter-stueck\/","title":{"rendered":"Katzennetz-Halter \/ St\u00fcck"},"content":{"rendered":"<p><strong>Katzennetz-Halter<\/strong><\/p>\n<p>Ihre gelieben Katzen sollen im Garten bleiben? Dann installieren Sie unser Katzennetzsystem, um Ihre Katzen daran zu hindern, \u00fcber den Zaun zu klettern.<\/p>\n<p>Wir empfehlen, die Halterungen etwa alle 2 Meter an den Zaun zu schrauben. Das Katzennetz l\u00e4sst sich dann ganz einfach mit den Kabelbindern befestigen, die in unseren Katzennetz-Komplettpaketen enthalten sind.<\/p>\n<p><strong>Eigenschaften der Halterungen<\/strong><\/p>\n<ul>\n<li>Farbe: Schwarz<\/li>\n<li>Material: Stahl<\/li>\n<li>Beschichtung: Hammerite-Schutzbeschichtung<\/li>\n<li>Schraubenl\u00f6cher: 2<\/li>\n<li>Die leichten Halterungen sind f\u00fcr Katzen bis zu 4,5 kg geeignet.<\/li>\n<li>Die schweren Halterungen sind f\u00fcr Katzen \u00fcber 4,5 kg geeignet.<\/li>\n<\/ul>\n<p><strong>Form<\/strong><br \/>\nDer hohe B\u00fcgel hat zwei Winkel von etwa 45\u00b0, w\u00e4hrend die flache Variante einen ersten Winkel von fast 90\u00b0 hat. Das bedeutet, dass die flache Variante nicht so weit \u00fcber den Zaun hinausragt, sondern etwas weiter in den Garten hinein.<\/p>\n<p><strong>St\u00e4rke<\/strong><br \/>\nDie St\u00e4rke des B\u00fcgels bestimmt, wie viel Gewicht er tragen kann. Die leichte Version kann bis zu etwa 4,5 kg tragen und ist daher f\u00fcr die meisten Katzen geeignet. Die schwere Variante kann mehr als 4,5 kg tragen und eignet sich daher f\u00fcr gr\u00f6\u00dfere Katzenrassen wie z. B. eine Maine Coon oder eine Ragdoll.<\/p>\n<p>Sind Sie an einer anderen Varianten interessiert? Dann nehmen Sie bitte Kontakt mit uns auf, wir k\u00f6nnen dies selbstverst\u00e4ndlich arrangieren.<\/p>\n<p><strong>Montage-Service<\/strong><br \/>\nMontage-Service M\u00f6chten Sie das Katzennetz durch uns montieren lassen? Auch das ist m\u00f6glich! Nehmen Sie Kontakt mit uns auf und wir schicken unseren Monteur, der alles f\u00fcr Sie arrangiert.<\/p>\n","protected":false},"excerpt":{"rendered":"<p>Die St\u00e4rke des B\u00fcgels bestimmt, wie viel Gewicht er tragen kann. Die leichte Version kann bis zu etwa 4,5 kg tragen und ist daher f\u00fcr die meisten Katzen geeignet. Die schwere Variante kann mehr als 4,5 kg tragen und eignet sich daher f\u00fcr gr\u00f6\u00dfere Katzenrassen wie z. B. eine Maine Coon oder eine Ragdoll.<\/p>\n","protected":false},"featured_media":4155,"comment_status":"open","ping_status":"closed","template":"","meta":[],"product_brand":[],"product_cat":[54,55],"product_tag":[],"class_list":{"0":"post-4187","1":"product","2":"type-product","3":"status-publish","4":"has-post-thumbnail","6":"product_cat-do-it-yourself","7":"product_cat-halter","8":"product_shipping_class-leichte-paket","10":"first","11":"instock","12":"sale","13":"taxable","14":"shipping-taxable","15":"purchasable","16":"product-type-variable","17":"has-default-attributes"},"aioseo_notices":[],"jetpack_sharing_enabled":true,"_links":{"self":[{"href":"https:\/\/ongewoonboom.nl\/de\/wp-json\/wp\/v2\/product\/4187","targetHints":{"allow":["GET"]}}],"collection":[{"href":"https:\/\/ongewoonboom.nl\/de\/wp-json\/wp\/v2\/product"}],"about":[{"href":"https:\/\/ongewoonboom.nl\/de\/wp-json\/wp\/v2\/types\/product"}],"replies":[{"embeddable":true,"href":"https:\/\/ongewoonboom.nl\/de\/wp-json\/wp\/v2\/comments?post=4187"}],"wp:featuredmedia":[{"embeddable":true,"href":"https:\/\/ongewoonboom.nl\/de\/wp-json\/wp\/v2\/media\/4155"}],"wp:attachment":[{"href":"https:\/\/ongewoonboom.nl\/de\/wp-json\/wp\/v2\/media?parent=4187"}],"wp:term":[{"taxonomy":"product_brand","embeddable":true,"href":"https:\/\/ongewoonboom.nl\/de\/wp-json\/wp\/v2\/product_brand?post=4187"},{"taxonomy":"product_cat","embeddable":true,"href":"https:\/\/ongewoonboom.nl\/de\/wp-json\/wp\/v2\/product_cat?post=4187"},{"taxonomy":"product_tag","embeddable":true,"href":"https:\/\/ongewoonboom.nl\/de\/wp-json\/wp\/v2\/product_tag?post=4187"}],"curies":[{"name":"wp","href":"https:\/\/api.w.org\/{rel}","templated":true}]}}