{"id":4191,"date":"2023-12-31T13:47:28","date_gmt":"2023-12-31T12:47:28","guid":{"rendered":"https:\/\/ongewoonboom.nl\/winkel\/katzennetz-20-meter-selbstmontage-paket\/"},"modified":"2026-03-18T14:32:29","modified_gmt":"2026-03-18T13:32:29","slug":"katzennetz-20-meter-selbstmontage-paket","status":"publish","type":"product","link":"https:\/\/ongewoonboom.nl\/de\/winkel\/katzennetz-20-meter-selbstmontage-paket\/","title":{"rendered":"Katzennetz \u2013 20 Meter Selbstmontage Paket"},"content":{"rendered":"<p><strong>Katzennetz - Paket 20 Meter<\/strong><br \/>\nHalten Sie Ihre lieben Katzen im Garten? Dann installieren Sie unser Katzennetzsystem, um Ihre Katzen daran zu hindern, \u00fcber den Zaun zu klettern.<\/p>\n<p>Wir empfehlen, die Halterungen etwa alle 2 Meter an den Zaun zu schrauben. Das Katzennetz wird dann einfach mit den mitgelieferten Kabelbindern befestigt.<\/p>\n<p><strong>Inhalt Katzennetz-Paket<\/strong><br \/>\n\n<figure class=\"table-responsive is-style-stripes\"><table class=\"table \"><tbody><tr><td><strong>Katzennetz<\/strong><\/td><td><strong>Halter<\/strong><\/td><td><strong>Schrauben<\/strong><\/td><td><strong>Kabelbinder<\/strong><\/td><\/tr><tr><td>10 Meter<\/td><td>5 St\u00fcck<\/td><td>~ 10 St\u00fcck<\/td><td>~ 50 St\u00fcck<\/td><\/tr><tr><td>20 Meter<\/td><td>10 St\u00fcck<\/td><td>~ 20 St\u00fcck<\/td><td>~ 100 St\u00fcck<\/td><\/tr><tr><td>30 Meter<\/td><td>15 St\u00fcck<\/td><td>~ 30 St\u00fcck<\/td><td>~ 100 St\u00fcck<\/td><\/tr><tr><td>40 Meter<\/td><td>20 St\u00fcck<\/td><td>~ 40 St\u00fcck<\/td><td>~ 200 St\u00fcck<\/td><\/tr><tr><td>50 Meter<\/td><td>25 St\u00fcck<\/td><td>~ 50 St\u00fcck<\/td><td>~ 200 St\u00fcck<\/td><\/tr><\/tbody><\/table><\/figure>\n\n<p><\/p>\n<\/p>\n<p><strong>Passende Halterungen<br \/>\n<\/strong>Bei den Haltern sind 4 Varianten m\u00f6glich, die sich aus der Kombination von 2 Faktoren ergeben, n\u00e4mlich der St\u00e4rke des Halters und der Form.<\/p>\n<p>Bez\u00fcglich Form k\u00f6nnen Sie zwischen der flachen und der hohen Variante w\u00e4hlen.<br \/>\nBez\u00fcglich St\u00e4rke k\u00f6nnen Sie zwischen der leichten und der schweren Variante w\u00e4hlen.<\/p>\n<p><strong>Form<\/strong><br \/>\nDer hohe B\u00fcgel hat zwei Winkel von etwa 45\u00b0, w\u00e4hrend die flache Variante einen ersten Winkel von fast 90\u00b0 hat. Das bedeutet, dass die flache Variante nicht so weit \u00fcber den Zaun hinausragt, sondern etwas weiter in den Garten hinein.<\/p>\n<p><strong>St\u00e4rke<\/strong><br \/>\nDie St\u00e4rke des B\u00fcgels bestimmt, wie viel Gewicht er tragen kann. Die leichte Version kann bis zu etwa 4,5 kg tragen und ist daher f\u00fcr die meisten Katzen geeignet. Die schwere Variante kann mehr als 4,5 kg tragen und eignet sich daher f\u00fcr gr\u00f6\u00dfere Katzenrassen wie z. B. eine Maine Coon oder eine Ragdoll.<\/p>\n<p>Daraus ergeben sich also die folgenden vier Halterungsm\u00f6glichkeiten:<\/p>\n<ul>\n<li>Der leichte hohe Halter<\/li>\n<li>Der schwere hohe Halter<\/li>\n<li>Der leichte flache Halter<\/li>\n<li>Der schwere flache Halter<\/li>\n<\/ul>\n<p>Sind Sie an einer anderen Varianten interessiert? Dann nehmen Sie bitte Kontakt mit uns auf, wir k\u00f6nnen dies selbstverst\u00e4ndlich arrangieren.<\/p>\n<p><strong>Montage-Service<\/strong><br \/>\nMontage-Service M\u00f6chten Sie das Katzennetz durch uns montieren lassen? Auch das ist m\u00f6glich! Nehmen Sie Kontakt mit uns auf und wir schicken unseren Monteur, der alles f\u00fcr Sie arrangiert.<\/p>\n","protected":false},"excerpt":{"rendered":"<p>Ihre gelieben Katzen sollen im Garten bleiben? Dann installieren Sie unser Katzennetzsystem, um Ihre Katzen daran zu hindern, \u00fcber den Zaun zu klettern.<\/p>\n<p>Die leichte Version kann bis zu etwa 4,5 kg tragen und ist daher f\u00fcr die meisten Katzen geeignet. Die schwere Variante kann mehr als 4,5 kg tragen und eignet sich daher f\u00fcr gr\u00f6\u00dfere Katzenrassen wie z. B. eine Maine Coon oder eine Ragdoll.<\/p>\n","protected":false},"featured_media":4149,"comment_status":"open","ping_status":"closed","template":"","meta":[],"product_brand":[],"product_cat":[54,58],"product_tag":[],"class_list":{"0":"post-4191","1":"product","2":"type-product","3":"status-publish","4":"has-post-thumbnail","6":"product_cat-do-it-yourself","7":"product_cat-komplette-sets","8":"product_shipping_class-schwere-paket","10":"first","11":"instock","12":"sale","13":"featured","14":"taxable","15":"shipping-taxable","16":"purchasable","17":"product-type-variable","18":"has-default-attributes"},"aioseo_notices":[],"jetpack_sharing_enabled":true,"_links":{"self":[{"href":"https:\/\/ongewoonboom.nl\/de\/wp-json\/wp\/v2\/product\/4191","targetHints":{"allow":["GET"]}}],"collection":[{"href":"https:\/\/ongewoonboom.nl\/de\/wp-json\/wp\/v2\/product"}],"about":[{"href":"https:\/\/ongewoonboom.nl\/de\/wp-json\/wp\/v2\/types\/product"}],"replies":[{"embeddable":true,"href":"https:\/\/ongewoonboom.nl\/de\/wp-json\/wp\/v2\/comments?post=4191"}],"wp:featuredmedia":[{"embeddable":true,"href":"https:\/\/ongewoonboom.nl\/de\/wp-json\/wp\/v2\/media\/4149"}],"wp:attachment":[{"href":"https:\/\/ongewoonboom.nl\/de\/wp-json\/wp\/v2\/media?parent=4191"}],"wp:term":[{"taxonomy":"product_brand","embeddable":true,"href":"https:\/\/ongewoonboom.nl\/de\/wp-json\/wp\/v2\/product_brand?post=4191"},{"taxonomy":"product_cat","embeddable":true,"href":"https:\/\/ongewoonboom.nl\/de\/wp-json\/wp\/v2\/product_cat?post=4191"},{"taxonomy":"product_tag","embeddable":true,"href":"https:\/\/ongewoonboom.nl\/de\/wp-json\/wp\/v2\/product_tag?post=4191"}],"curies":[{"name":"wp","href":"https:\/\/api.w.org\/{rel}","templated":true}]}}